{"id":2501,"date":"2018-05-31T15:37:30","date_gmt":"2018-05-31T13:37:30","guid":{"rendered":"http:\/\/www.itluxembourg.lu\/site\/?page_id=2501"},"modified":"2020-06-12T15:05:07","modified_gmt":"2020-06-12T13:05:07","slug":"varonis-documentation","status":"publish","type":"page","link":"https:\/\/www.itluxembourg.lu\/site\/varonis-documentation\/","title":{"rendered":"Varonis documentation"},"content":{"rendered":"<h1>Documentation Varonis<\/h1>\n<p>Varonis est une suite de s\u00e9curit\u00e9 compl\u00e8te, et elle est fournie avec une documentation tr\u00e8s d\u00e9taill\u00e9e.<\/p>\n<p>Pour vous permettre de retrouver facilement l&#8217;information que vous cherchez, nous avons rassembl\u00e9 les vid\u00e9os de pr\u00e9sentation des produits Varonis sur cette page.<\/p>\n<p>Nous sommes \u00e0 votre disposition pour toute question, pour un essai gratuit de Varonis, pour du Service ou pour un achat de produits Varonis.<\/p>\n<h2>Sites web<\/h2>\n<p>Varonis fournit diff\u00e9rents sites web :<\/p>\n<ul>\n<li>Site web principal de Varonis (version anglaise) :<\/li>\n<\/ul>\n<p style=\"text-align: center;\"><a href=\"https:\/\/www.varonis.com\/\" target=\"_blank\" rel=\"noopener noreferrer\">https:\/\/www.varonis.com\/<\/a><a href=\"https:\/\/www.varonis.com\/\" target=\"_blank\" rel=\"noopener noreferrer\"><img loading=\"lazy\" decoding=\"async\" class=\"aligncenter wp-image-2524\" src=\"https:\/\/www.itluxembourg.lu\/site\/wp-content\/uploads\/2018\/05\/varonis-logo.png\" alt=\"\" width=\"150\" height=\"49\" \/><\/a><\/p>\n<ul>\n<li>Site web principal de Varonis (version fran\u00e7aise) :<\/li>\n<\/ul>\n<p style=\"text-align: center;\"><a href=\"https:\/\/www.varonis.com\/fr\" target=\"_blank\" rel=\"noopener noreferrer\">https:\/\/www.varonis.com\/fr<\/a><a href=\"https:\/\/www.varonis.com\/fr\" target=\"_blank\" rel=\"noopener noreferrer\"><img loading=\"lazy\" decoding=\"async\" class=\"aligncenter wp-image-2524\" src=\"https:\/\/www.itluxembourg.lu\/site\/wp-content\/uploads\/2018\/05\/varonis-logo.png\" alt=\"\" width=\"163\" height=\"53\" \/><\/a><\/p>\n<ul>\n<li>Communaut\u00e9 utilisateurs (Varonis Connect Community) :<\/li>\n<\/ul>\n<p style=\"text-align: center;\"><a href=\"https:\/\/help.varonis.com\/s\/\" target=\"_blank\" rel=\"noopener noreferrer\">https:\/\/help.varonis.com\/s\/<\/a><\/p>\n<p><a href=\"https:\/\/help.varonis.com\/s\/\" target=\"_blank\" rel=\"noopener noreferrer\"><img loading=\"lazy\" decoding=\"async\" class=\"aligncenter size-large wp-image-2526\" src=\"https:\/\/www.itluxembourg.lu\/site\/wp-content\/uploads\/2018\/05\/connectwelcomee-1024x101.png\" alt=\"\" width=\"530\" height=\"52\" srcset=\"https:\/\/www.itluxembourg.lu\/site\/wp-content\/uploads\/2018\/05\/connectwelcomee-1024x101.png 1024w, https:\/\/www.itluxembourg.lu\/site\/wp-content\/uploads\/2018\/05\/connectwelcomee-510x50.png 510w, https:\/\/www.itluxembourg.lu\/site\/wp-content\/uploads\/2018\/05\/connectwelcomee-300x30.png 300w, https:\/\/www.itluxembourg.lu\/site\/wp-content\/uploads\/2018\/05\/connectwelcomee-768x76.png 768w\" sizes=\"auto, (max-width: 530px) 100vw, 530px\" \/><\/a><\/p>\n<h2>Vid\u00e9os<\/h2>\n<h3>DatAdvantage<\/h3>\n<p><\/p>\n<div class=\"lyte-wrapper fourthree\" style=\"width:420px;max-width:100%;margin:5px;\"><div class=\"lyMe\" id=\"WYL_QuhGbtsagvI\"><div id=\"lyte_QuhGbtsagvI\" data-src=\"\/\/i.ytimg.com\/vi\/QuhGbtsagvI\/hqdefault.jpg\" class=\"pL\"><div class=\"tC\"><div class=\"tT\"><\/div><\/div><div class=\"play\"><\/div><div class=\"ctrl\"><div class=\"Lctrl\"><\/div><div class=\"Rctrl\"><\/div><\/div><\/div><noscript><a href=\"https:\/\/youtu.be\/QuhGbtsagvI\" rel=\"nofollow\"><img loading=\"lazy\" decoding=\"async\" src=\"https:\/\/i.ytimg.com\/vi\/QuhGbtsagvI\/0.jpg\" alt=\"YouTube video thumbnail\" width=\"420\" height=\"295\" \/><br \/>Watch this video on YouTube<\/a><\/noscript><\/div><\/div><div class=\"lL\" style=\"max-width:100%;width:420px;margin:5px;\"><\/div><\/p>\n<h3>DataPrivilege<\/h3>\n<div class=\"lyte-wrapper fourthree\" style=\"width:420px;max-width:100%;margin:5px;\"><div class=\"lyMe\" id=\"WYL_YX6fQRorEJA\"><div id=\"lyte_YX6fQRorEJA\" data-src=\"\/\/i.ytimg.com\/vi\/YX6fQRorEJA\/hqdefault.jpg\" class=\"pL\"><div class=\"tC\"><div class=\"tT\"><\/div><\/div><div class=\"play\"><\/div><div class=\"ctrl\"><div class=\"Lctrl\"><\/div><div class=\"Rctrl\"><\/div><\/div><\/div><noscript><a href=\"https:\/\/youtu.be\/YX6fQRorEJA\" rel=\"nofollow\"><img loading=\"lazy\" decoding=\"async\" src=\"https:\/\/i.ytimg.com\/vi\/YX6fQRorEJA\/0.jpg\" alt=\"YouTube video thumbnail\" width=\"420\" height=\"295\" \/><br \/>Watch this video on YouTube<\/a><\/noscript><\/div><\/div><div class=\"lL\" style=\"max-width:100%;width:420px;margin:5px;\"><\/div><\/p>\n<h3>DatAlert<\/h3>\n<div class=\"lyte-wrapper fourthree\" style=\"width:420px;max-width:100%;margin:5px;\"><div class=\"lyMe\" id=\"WYL_jk_8fzMnxik\"><div id=\"lyte_jk_8fzMnxik\" data-src=\"\/\/i.ytimg.com\/vi\/jk_8fzMnxik\/hqdefault.jpg\" class=\"pL\"><div class=\"tC\"><div class=\"tT\"><\/div><\/div><div class=\"play\"><\/div><div class=\"ctrl\"><div class=\"Lctrl\"><\/div><div class=\"Rctrl\"><\/div><\/div><\/div><noscript><a href=\"https:\/\/youtu.be\/jk_8fzMnxik\" rel=\"nofollow\"><img loading=\"lazy\" decoding=\"async\" src=\"https:\/\/i.ytimg.com\/vi\/jk_8fzMnxik\/0.jpg\" alt=\"YouTube video thumbnail\" width=\"420\" height=\"295\" \/><br \/>Watch this video on YouTube<\/a><\/noscript><\/div><\/div><div class=\"lL\" style=\"max-width:100%;width:420px;margin:5px;\"><\/div><\/p>\n<div class=\"lyte-wrapper fourthree\" style=\"width:420px;max-width:100%;margin:5px;\"><div class=\"lyMe\" id=\"WYL_wkqdkjDAmhU\"><div id=\"lyte_wkqdkjDAmhU\" data-src=\"\/\/i.ytimg.com\/vi\/wkqdkjDAmhU\/hqdefault.jpg\" class=\"pL\"><div class=\"tC\"><div class=\"tT\"><\/div><\/div><div class=\"play\"><\/div><div class=\"ctrl\"><div class=\"Lctrl\"><\/div><div class=\"Rctrl\"><\/div><\/div><\/div><noscript><a href=\"https:\/\/youtu.be\/wkqdkjDAmhU\" rel=\"nofollow\"><img loading=\"lazy\" decoding=\"async\" src=\"https:\/\/i.ytimg.com\/vi\/wkqdkjDAmhU\/0.jpg\" alt=\"YouTube video thumbnail\" width=\"420\" height=\"295\" \/><br \/>Watch this video on YouTube<\/a><\/noscript><\/div><\/div><div class=\"lL\" style=\"max-width:100%;width:420px;margin:5px;\"><\/div><\/p>\n<p>\u00a0<\/p>\n<h3>Automation Engine<\/h3>\n<div class=\"lyte-wrapper fourthree\" style=\"width:420px;max-width:100%;margin:5px;\"><div class=\"lyMe\" id=\"WYL_RJnE00Ur7eA\"><div id=\"lyte_RJnE00Ur7eA\" data-src=\"\/\/i.ytimg.com\/vi\/RJnE00Ur7eA\/hqdefault.jpg\" class=\"pL\"><div class=\"tC\"><div class=\"tT\"><\/div><\/div><div class=\"play\"><\/div><div class=\"ctrl\"><div class=\"Lctrl\"><\/div><div class=\"Rctrl\"><\/div><\/div><\/div><noscript><a href=\"https:\/\/youtu.be\/RJnE00Ur7eA\" rel=\"nofollow\"><img loading=\"lazy\" decoding=\"async\" src=\"https:\/\/i.ytimg.com\/vi\/RJnE00Ur7eA\/0.jpg\" alt=\"YouTube video thumbnail\" width=\"420\" height=\"295\" \/><br \/>Watch this video on YouTube<\/a><\/noscript><\/div><\/div><div class=\"lL\" style=\"max-width:100%;width:420px;margin:5px;\"><\/div><\/p>\n<h3>Varonis Edge<\/h3>\n<div class=\"lyte-wrapper fourthree\" style=\"width:420px;max-width:100%;margin:5px;\"><div class=\"lyMe\" id=\"WYL_hdiJKp-zANg\"><div id=\"lyte_hdiJKp-zANg\" data-src=\"\/\/i.ytimg.com\/vi\/hdiJKp-zANg\/hqdefault.jpg\" class=\"pL\"><div class=\"tC\"><div class=\"tT\"><\/div><\/div><div class=\"play\"><\/div><div class=\"ctrl\"><div class=\"Lctrl\"><\/div><div class=\"Rctrl\"><\/div><\/div><\/div><noscript><a href=\"https:\/\/youtu.be\/hdiJKp-zANg\" rel=\"nofollow\"><img loading=\"lazy\" decoding=\"async\" src=\"https:\/\/i.ytimg.com\/vi\/hdiJKp-zANg\/0.jpg\" alt=\"YouTube video thumbnail\" width=\"420\" height=\"295\" \/><br \/>Watch this video on YouTube<\/a><\/noscript><\/div><\/div><div class=\"lL\" style=\"max-width:100%;width:420px;margin:5px;\"><\/div><\/p>\n<h3>Varonis et GDPR<\/h3>\n<div class=\"lyte-wrapper fourthree\" style=\"width:420px;max-width:100%;margin:5px;\"><div class=\"lyMe\" id=\"WYL_rzaZsob_Dlw\"><div id=\"lyte_rzaZsob_Dlw\" data-src=\"\/\/i.ytimg.com\/vi\/rzaZsob_Dlw\/hqdefault.jpg\" class=\"pL\"><div class=\"tC\"><div class=\"tT\"><\/div><\/div><div class=\"play\"><\/div><div class=\"ctrl\"><div class=\"Lctrl\"><\/div><div class=\"Rctrl\"><\/div><\/div><\/div><noscript><a href=\"https:\/\/youtu.be\/rzaZsob_Dlw\" rel=\"nofollow\"><img loading=\"lazy\" decoding=\"async\" src=\"https:\/\/i.ytimg.com\/vi\/rzaZsob_Dlw\/0.jpg\" alt=\"YouTube video thumbnail\" width=\"420\" height=\"295\" \/><br \/>Watch this video on YouTube<\/a><\/noscript><\/div><\/div><div class=\"lL\" style=\"max-width:100%;width:420px;margin:5px;\"><\/div><\/p>\n<h3>Varonis Webinars<\/h3>\n<p><a href=\"https:\/\/info.varonis.com\/thank-you\/resource\/t2\/webinar\/varonis-cyber-security-workshop\/fr?utm_medium=email&amp;utm_source=hs_email&amp;utm_campaign=video_course-emea_fr-general_compliance&amp;_hsenc=p2ANqtz--BHafAucU4LF8Zaq92oKRuppgg3mihEORl2x3JRZU9ua314rZk_ik9v8UwDjy2gCAtTUMRCGBr9WRqBfz04elyhLR7X9SQWek7aBs-JMXOiX1tQXU&amp;_hsmi=68145081\" target=\"_blank\" rel=\"noopener noreferrer\">Cyberattaque et r\u00e9ponse \u00e0 incident<\/a><\/p>\n<p>\u00a0<\/p>\n<p>\u00a0<\/p>\n\n\n<p><br><\/p>\n","protected":false},"excerpt":{"rendered":"<p>Documentation Varonis Varonis est une suite de s\u00e9curit\u00e9 compl\u00e8te, et elle est fournie avec une documentation tr\u00e8s d\u00e9taill\u00e9e. Pour vous permettre de retrouver facilement l&#8217;information que vous cherchez, nous avons<\/p>\n","protected":false},"author":1,"featured_media":0,"parent":0,"menu_order":20,"comment_status":"open","ping_status":"open","template":"","meta":{"footnotes":""},"class_list":["post-2501","page","type-page","status-publish","hentry"],"amp_enabled":true,"_links":{"self":[{"href":"https:\/\/www.itluxembourg.lu\/site\/wp-json\/wp\/v2\/pages\/2501","targetHints":{"allow":["GET"]}}],"collection":[{"href":"https:\/\/www.itluxembourg.lu\/site\/wp-json\/wp\/v2\/pages"}],"about":[{"href":"https:\/\/www.itluxembourg.lu\/site\/wp-json\/wp\/v2\/types\/page"}],"author":[{"embeddable":true,"href":"https:\/\/www.itluxembourg.lu\/site\/wp-json\/wp\/v2\/users\/1"}],"replies":[{"embeddable":true,"href":"https:\/\/www.itluxembourg.lu\/site\/wp-json\/wp\/v2\/comments?post=2501"}],"version-history":[{"count":37,"href":"https:\/\/www.itluxembourg.lu\/site\/wp-json\/wp\/v2\/pages\/2501\/revisions"}],"predecessor-version":[{"id":3108,"href":"https:\/\/www.itluxembourg.lu\/site\/wp-json\/wp\/v2\/pages\/2501\/revisions\/3108"}],"wp:attachment":[{"href":"https:\/\/www.itluxembourg.lu\/site\/wp-json\/wp\/v2\/media?parent=2501"}],"curies":[{"name":"wp","href":"https:\/\/api.w.org\/{rel}","templated":true}]}}